{"id":5236,"date":"2026-03-30T23:30:04","date_gmt":"2026-03-30T23:30:04","guid":{"rendered":"https:\/\/enlucpaz.com\/?page_id=5236"},"modified":"2026-04-02T21:39:33","modified_gmt":"2026-04-02T21:39:33","slug":"eventos","status":"publish","type":"page","link":"https:\/\/enlucpaz.com\/?page_id=5236","title":{"rendered":"Eventos"},"content":{"rendered":"\t\t<div data-elementor-type=\"wp-page\" data-elementor-id=\"5236\" class=\"elementor elementor-5236\" data-elementor-post-type=\"page\">\n\t\t\t\t\t\t<section class=\"elementor-section elementor-top-section elementor-element elementor-element-0947702 elementor-section-boxed elementor-section-height-default elementor-section-height-default\" data-id=\"0947702\" data-element_type=\"section\" data-e-type=\"section\">\n\t\t\t\t\t\t<div class=\"elementor-container elementor-column-gap-default\">\n\t\t\t\t\t<div class=\"elementor-column elementor-col-100 elementor-top-column elementor-element elementor-element-b8281bc\" data-id=\"b8281bc\" data-element_type=\"column\" data-e-type=\"column\">\n\t\t\t<div class=\"elementor-widget-wrap elementor-element-populated\">\n\t\t\t\t\t\t<div class=\"elementor-element elementor-element-ce620f2 elementor-widget elementor-widget-text-editor\" data-id=\"ce620f2\" data-element_type=\"widget\" data-e-type=\"widget\" data-widget_type=\"text-editor.default\">\n\t\t\t\t<div class=\"elementor-widget-container\">\n\t\t\t\t\t\t\t\t\t<p>\u00a0EVENTOS CON VISI\u00d3N INTEGRAL Y CUIDADO T\u00c9CNICO\u00a0<\/p>\t\t\t\t\t\t\t\t<\/div>\n\t\t\t\t<\/div>\n\t\t\t\t\t<\/div>\n\t\t<\/div>\n\t\t\t\t\t<\/div>\n\t\t<\/section>\n\t\t\t\t<section class=\"elementor-section elementor-top-section elementor-element elementor-element-a5ffc4c elementor-section-boxed elementor-section-height-default elementor-section-height-default\" data-id=\"a5ffc4c\" data-element_type=\"section\" data-e-type=\"section\">\n\t\t\t\t\t\t<div class=\"elementor-container elementor-column-gap-default\">\n\t\t\t\t\t<div class=\"elementor-column elementor-col-100 elementor-top-column elementor-element elementor-element-b677305\" data-id=\"b677305\" data-element_type=\"column\" data-e-type=\"column\">\n\t\t\t<div class=\"elementor-widget-wrap elementor-element-populated\">\n\t\t\t\t\t\t<div class=\"elementor-element elementor-element-6706fa9 elementor-widget elementor-widget-text-editor\" data-id=\"6706fa9\" data-element_type=\"widget\" data-e-type=\"widget\" data-widget_type=\"text-editor.default\">\n\t\t\t\t<div class=\"elementor-widget-container\">\n\t\t\t\t\t\t\t\t\t<p>Organizamos eventos y colaboramos con marcas, empresas y producciones, ofreciendo un servicio completo que une organizaci\u00f3n, imagen y talento.<br \/>Trabajamos desde un enfoque integral, cuidando tanto la preparaci\u00f3n como la ejecuci\u00f3n, y prestando especial atenci\u00f3n a los detalles t\u00e9cnicos que marcan la diferencia.<\/p><p>Participamos en desfiles, shootings, campa\u00f1as y lanzamientos, asegurando resultados profesionales, coherentes y de alta calidad.<\/p>\t\t\t\t\t\t\t\t<\/div>\n\t\t\t\t<\/div>\n\t\t\t\t\t<\/div>\n\t\t<\/div>\n\t\t\t\t\t<\/div>\n\t\t<\/section>\n\t\t\t\t<section class=\"elementor-section elementor-top-section elementor-element elementor-element-013ef3a elementor-section-boxed elementor-section-height-default elementor-section-height-default\" data-id=\"013ef3a\" data-element_type=\"section\" data-e-type=\"section\">\n\t\t\t\t\t\t<div class=\"elementor-container elementor-column-gap-default\">\n\t\t\t\t\t<div class=\"elementor-column elementor-col-100 elementor-top-column elementor-element elementor-element-4d02869\" data-id=\"4d02869\" data-element_type=\"column\" data-e-type=\"column\">\n\t\t\t<div class=\"elementor-widget-wrap elementor-element-populated\">\n\t\t\t\t\t\t<div class=\"elementor-element elementor-element-caec720 elementor-widget elementor-widget-text-editor\" data-id=\"caec720\" data-element_type=\"widget\" data-e-type=\"widget\" data-widget_type=\"text-editor.default\">\n\t\t\t\t<div class=\"elementor-widget-container\">\n\t\t\t\t\t\t\t\t\t<p>\u201cLa diferencia est\u00e1 en la formaci\u00f3n integral y en la precisi\u00f3n de cada detalle.\u201d<\/p>\t\t\t\t\t\t\t\t<\/div>\n\t\t\t\t<\/div>\n\t\t\t\t\t<\/div>\n\t\t<\/div>\n\t\t\t\t\t<\/div>\n\t\t<\/section>\n\t\t\t\t<section class=\"elementor-section elementor-top-section elementor-element elementor-element-f887fdb elementor-section-boxed elementor-section-height-default elementor-section-height-default\" data-id=\"f887fdb\" data-element_type=\"section\" data-e-type=\"section\">\n\t\t\t\t\t\t<div class=\"elementor-container elementor-column-gap-default\">\n\t\t\t\t\t<div class=\"elementor-column elementor-col-100 elementor-top-column elementor-element elementor-element-04b10a6\" data-id=\"04b10a6\" data-element_type=\"column\" data-e-type=\"column\">\n\t\t\t<div class=\"elementor-widget-wrap elementor-element-populated\">\n\t\t\t\t\t\t<div class=\"elementor-element elementor-element-0fecea8 elementor-grid-3 elementor-grid-tablet-2 elementor-grid-mobile-1 elementor-posts--thumbnail-top elementor-widget elementor-widget-posts\" data-id=\"0fecea8\" data-element_type=\"widget\" data-e-type=\"widget\" data-settings=\"{&quot;classic_masonry&quot;:&quot;yes&quot;,&quot;classic_row_gap&quot;:{&quot;unit&quot;:&quot;px&quot;,&quot;size&quot;:71,&quot;sizes&quot;:[]},&quot;pagination_type&quot;:&quot;prev_next&quot;,&quot;classic_columns&quot;:&quot;3&quot;,&quot;classic_columns_tablet&quot;:&quot;2&quot;,&quot;classic_columns_mobile&quot;:&quot;1&quot;,&quot;classic_row_gap_tablet&quot;:{&quot;unit&quot;:&quot;px&quot;,&quot;size&quot;:&quot;&quot;,&quot;sizes&quot;:[]},&quot;classic_row_gap_mobile&quot;:{&quot;unit&quot;:&quot;px&quot;,&quot;size&quot;:&quot;&quot;,&quot;sizes&quot;:[]}}\" data-widget_type=\"posts.classic\">\n\t\t\t\t<div class=\"elementor-widget-container\">\n\t\t\t\t\t\t\t<div class=\"elementor-posts-container elementor-posts elementor-posts--skin-classic elementor-grid\" role=\"list\">\n\t\t\t\t<article class=\"elementor-post elementor-grid-item post-5253 categoria_evento type-categoria_evento status-publish has-post-thumbnail hentry\" role=\"listitem\">\n\t\t\t\t<a class=\"elementor-post__thumbnail__link\" href=\"https:\/\/enlucpaz.com\/?categoria_evento=casting-showcases\" tabindex=\"-1\" >\n\t\t\t<div class=\"elementor-post__thumbnail\"><img fetchpriority=\"high\" decoding=\"async\" width=\"1024\" height=\"1536\" src=\"https:\/\/enlucpaz.com\/wp-content\/uploads\/2026\/03\/ChatGPT-Image-Apr-2-2026-11_27_45-PM.png\" class=\"attachment-2048x2048 size-2048x2048 wp-image-5357\" alt=\"\" srcset=\"https:\/\/enlucpaz.com\/wp-content\/uploads\/2026\/03\/ChatGPT-Image-Apr-2-2026-11_27_45-PM.png 1024w, https:\/\/enlucpaz.com\/wp-content\/uploads\/2026\/03\/ChatGPT-Image-Apr-2-2026-11_27_45-PM-200x300.png 200w, https:\/\/enlucpaz.com\/wp-content\/uploads\/2026\/03\/ChatGPT-Image-Apr-2-2026-11_27_45-PM-683x1024.png 683w, https:\/\/enlucpaz.com\/wp-content\/uploads\/2026\/03\/ChatGPT-Image-Apr-2-2026-11_27_45-PM-768x1152.png 768w\" sizes=\"(max-width: 1024px) 100vw, 1024px\" \/><\/div>\n\t\t<\/a>\n\t\t\t\t<div class=\"elementor-post__text\">\n\t\t\n\t\t<a class=\"elementor-post__read-more\" href=\"https:\/\/enlucpaz.com\/?categoria_evento=casting-showcases\" aria-label=\"Read more about casting\" tabindex=\"-1\" >\n\t\t\tRead More \u00bb\t\t<\/a>\n\n\t\t\t\t<\/div>\n\t\t\t\t<\/article>\n\t\t\t\t<article class=\"elementor-post elementor-grid-item post-5252 categoria_evento type-categoria_evento status-publish has-post-thumbnail hentry\" role=\"listitem\">\n\t\t\t\t<a class=\"elementor-post__thumbnail__link\" href=\"https:\/\/enlucpaz.com\/?categoria_evento=eventos-privados-exclusivos\" tabindex=\"-1\" >\n\t\t\t<div class=\"elementor-post__thumbnail\"><img decoding=\"async\" width=\"1024\" height=\"1536\" src=\"https:\/\/enlucpaz.com\/wp-content\/uploads\/2026\/03\/ChatGPT-Image-Apr-2-2026-11_31_37-PM.png\" class=\"attachment-2048x2048 size-2048x2048 wp-image-5352\" alt=\"\" srcset=\"https:\/\/enlucpaz.com\/wp-content\/uploads\/2026\/03\/ChatGPT-Image-Apr-2-2026-11_31_37-PM.png 1024w, https:\/\/enlucpaz.com\/wp-content\/uploads\/2026\/03\/ChatGPT-Image-Apr-2-2026-11_31_37-PM-200x300.png 200w, https:\/\/enlucpaz.com\/wp-content\/uploads\/2026\/03\/ChatGPT-Image-Apr-2-2026-11_31_37-PM-683x1024.png 683w, https:\/\/enlucpaz.com\/wp-content\/uploads\/2026\/03\/ChatGPT-Image-Apr-2-2026-11_31_37-PM-768x1152.png 768w\" sizes=\"(max-width: 1024px) 100vw, 1024px\" \/><\/div>\n\t\t<\/a>\n\t\t\t\t<div class=\"elementor-post__text\">\n\t\t\n\t\t<a class=\"elementor-post__read-more\" href=\"https:\/\/enlucpaz.com\/?categoria_evento=eventos-privados-exclusivos\" aria-label=\"Read more about Eventos Privados Exclusivos\" tabindex=\"-1\" >\n\t\t\tRead More \u00bb\t\t<\/a>\n\n\t\t\t\t<\/div>\n\t\t\t\t<\/article>\n\t\t\t\t<article class=\"elementor-post elementor-grid-item post-5251 categoria_evento type-categoria_evento status-publish has-post-thumbnail hentry\" role=\"listitem\">\n\t\t\t\t<a class=\"elementor-post__thumbnail__link\" href=\"https:\/\/enlucpaz.com\/?categoria_evento=lanzamientos-de-marca\" tabindex=\"-1\" >\n\t\t\t<div class=\"elementor-post__thumbnail\"><img decoding=\"async\" width=\"1024\" height=\"1536\" src=\"https:\/\/enlucpaz.com\/wp-content\/uploads\/2026\/03\/ChatGPT-Image-Apr-2-2026-11_30_46-PM.png\" class=\"attachment-2048x2048 size-2048x2048 wp-image-5353\" alt=\"\" srcset=\"https:\/\/enlucpaz.com\/wp-content\/uploads\/2026\/03\/ChatGPT-Image-Apr-2-2026-11_30_46-PM.png 1024w, https:\/\/enlucpaz.com\/wp-content\/uploads\/2026\/03\/ChatGPT-Image-Apr-2-2026-11_30_46-PM-200x300.png 200w, https:\/\/enlucpaz.com\/wp-content\/uploads\/2026\/03\/ChatGPT-Image-Apr-2-2026-11_30_46-PM-683x1024.png 683w, https:\/\/enlucpaz.com\/wp-content\/uploads\/2026\/03\/ChatGPT-Image-Apr-2-2026-11_30_46-PM-768x1152.png 768w\" sizes=\"(max-width: 1024px) 100vw, 1024px\" \/><\/div>\n\t\t<\/a>\n\t\t\t\t<div class=\"elementor-post__text\">\n\t\t\n\t\t<a class=\"elementor-post__read-more\" href=\"https:\/\/enlucpaz.com\/?categoria_evento=lanzamientos-de-marca\" aria-label=\"Read more about Lanzamientos de Marca\" tabindex=\"-1\" >\n\t\t\tRead More \u00bb\t\t<\/a>\n\n\t\t\t\t<\/div>\n\t\t\t\t<\/article>\n\t\t\t\t<article class=\"elementor-post elementor-grid-item post-5250 categoria_evento type-categoria_evento status-publish has-post-thumbnail hentry\" role=\"listitem\">\n\t\t\t\t<a class=\"elementor-post__thumbnail__link\" href=\"https:\/\/enlucpaz.com\/?categoria_evento=producciones-audiovisuales\" tabindex=\"-1\" >\n\t\t\t<div class=\"elementor-post__thumbnail\"><img loading=\"lazy\" decoding=\"async\" width=\"1024\" height=\"1536\" src=\"https:\/\/enlucpaz.com\/wp-content\/uploads\/2026\/03\/ChatGPT-Image-Apr-2-2026-11_29_56-PM.png\" class=\"attachment-2048x2048 size-2048x2048 wp-image-5354\" alt=\"\" srcset=\"https:\/\/enlucpaz.com\/wp-content\/uploads\/2026\/03\/ChatGPT-Image-Apr-2-2026-11_29_56-PM.png 1024w, https:\/\/enlucpaz.com\/wp-content\/uploads\/2026\/03\/ChatGPT-Image-Apr-2-2026-11_29_56-PM-200x300.png 200w, https:\/\/enlucpaz.com\/wp-content\/uploads\/2026\/03\/ChatGPT-Image-Apr-2-2026-11_29_56-PM-683x1024.png 683w, https:\/\/enlucpaz.com\/wp-content\/uploads\/2026\/03\/ChatGPT-Image-Apr-2-2026-11_29_56-PM-768x1152.png 768w\" sizes=\"(max-width: 1024px) 100vw, 1024px\" \/><\/div>\n\t\t<\/a>\n\t\t\t\t<div class=\"elementor-post__text\">\n\t\t\n\t\t<a class=\"elementor-post__read-more\" href=\"https:\/\/enlucpaz.com\/?categoria_evento=producciones-audiovisuales\" aria-label=\"Read more about Producciones Audiovisuales\" tabindex=\"-1\" >\n\t\t\tRead More \u00bb\t\t<\/a>\n\n\t\t\t\t<\/div>\n\t\t\t\t<\/article>\n\t\t\t\t<article class=\"elementor-post elementor-grid-item post-5249 categoria_evento type-categoria_evento status-publish has-post-thumbnail hentry\" role=\"listitem\">\n\t\t\t\t<a class=\"elementor-post__thumbnail__link\" href=\"https:\/\/enlucpaz.com\/?categoria_evento=eventos-corporativos\" tabindex=\"-1\" >\n\t\t\t<div class=\"elementor-post__thumbnail\"><img loading=\"lazy\" decoding=\"async\" width=\"1024\" height=\"1536\" src=\"https:\/\/enlucpaz.com\/wp-content\/uploads\/2026\/03\/ChatGPT-Image-Apr-2-2026-11_28_51-PM.png\" class=\"attachment-2048x2048 size-2048x2048 wp-image-5355\" alt=\"\" srcset=\"https:\/\/enlucpaz.com\/wp-content\/uploads\/2026\/03\/ChatGPT-Image-Apr-2-2026-11_28_51-PM.png 1024w, https:\/\/enlucpaz.com\/wp-content\/uploads\/2026\/03\/ChatGPT-Image-Apr-2-2026-11_28_51-PM-200x300.png 200w, https:\/\/enlucpaz.com\/wp-content\/uploads\/2026\/03\/ChatGPT-Image-Apr-2-2026-11_28_51-PM-683x1024.png 683w, https:\/\/enlucpaz.com\/wp-content\/uploads\/2026\/03\/ChatGPT-Image-Apr-2-2026-11_28_51-PM-768x1152.png 768w\" sizes=\"(max-width: 1024px) 100vw, 1024px\" \/><\/div>\n\t\t<\/a>\n\t\t\t\t<div class=\"elementor-post__text\">\n\t\t\n\t\t<a class=\"elementor-post__read-more\" href=\"https:\/\/enlucpaz.com\/?categoria_evento=eventos-corporativos\" aria-label=\"Read more about Eventos Corporativos\" tabindex=\"-1\" >\n\t\t\tRead More \u00bb\t\t<\/a>\n\n\t\t\t\t<\/div>\n\t\t\t\t<\/article>\n\t\t\t\t<article class=\"elementor-post elementor-grid-item post-5248 categoria_evento type-categoria_evento status-publish has-post-thumbnail hentry\" role=\"listitem\">\n\t\t\t\t<a class=\"elementor-post__thumbnail__link\" href=\"https:\/\/enlucpaz.com\/?categoria_evento=desfiles-fashion-shows\" tabindex=\"-1\" >\n\t\t\t<div class=\"elementor-post__thumbnail\"><img loading=\"lazy\" decoding=\"async\" width=\"1024\" height=\"1536\" src=\"https:\/\/enlucpaz.com\/wp-content\/uploads\/2026\/03\/ChatGPT-Image-Apr-2-2026-11_27_53-PM.png\" class=\"attachment-2048x2048 size-2048x2048 wp-image-5356\" alt=\"\" srcset=\"https:\/\/enlucpaz.com\/wp-content\/uploads\/2026\/03\/ChatGPT-Image-Apr-2-2026-11_27_53-PM.png 1024w, https:\/\/enlucpaz.com\/wp-content\/uploads\/2026\/03\/ChatGPT-Image-Apr-2-2026-11_27_53-PM-200x300.png 200w, https:\/\/enlucpaz.com\/wp-content\/uploads\/2026\/03\/ChatGPT-Image-Apr-2-2026-11_27_53-PM-683x1024.png 683w, https:\/\/enlucpaz.com\/wp-content\/uploads\/2026\/03\/ChatGPT-Image-Apr-2-2026-11_27_53-PM-768x1152.png 768w\" sizes=\"(max-width: 1024px) 100vw, 1024px\" \/><\/div>\n\t\t<\/a>\n\t\t\t\t<div class=\"elementor-post__text\">\n\t\t\n\t\t<a class=\"elementor-post__read-more\" href=\"https:\/\/enlucpaz.com\/?categoria_evento=desfiles-fashion-shows\" aria-label=\"Read more about Desfiles &amp; Fashion Shows\" tabindex=\"-1\" >\n\t\t\tRead More \u00bb\t\t<\/a>\n\n\t\t\t\t<\/div>\n\t\t\t\t<\/article>\n\t\t\t\t<\/div>\n\t\t\n\t\t\t\t\t\t<\/div>\n\t\t\t\t<\/div>\n\t\t\t\t\t<\/div>\n\t\t<\/div>\n\t\t\t\t\t<\/div>\n\t\t<\/section>\n\t\t\t\t<\/div>\n\t\t","protected":false},"excerpt":{"rendered":"<p>\u00a0EVENTOS CON VISI\u00d3N INTEGRAL Y CUIDADO T\u00c9CNICO\u00a0 Organizamos eventos y colaboramos con marcas, empresas y producciones, ofreciendo un servicio completo que une organizaci\u00f3n, imagen y<\/p>\n","protected":false},"author":1,"featured_media":0,"parent":0,"menu_order":0,"comment_status":"closed","ping_status":"closed","template":"","meta":{"_uag_custom_page_level_css":"","_monsterinsights_skip_tracking":false,"_monsterinsights_sitenote_active":false,"_monsterinsights_sitenote_note":"","_monsterinsights_sitenote_category":0,"site-sidebar-layout":"no-sidebar","site-content-layout":"page-builder","ast-site-content-layout":"full-width-container","site-content-style":"default","site-sidebar-style":"default","ast-global-header-display":"","ast-banner-title-visibility":"","ast-main-header-display":"","ast-hfb-above-header-display":"","ast-hfb-below-header-display":"","ast-hfb-mobile-header-display":"","site-post-title":"","ast-breadcrumbs-content":"","ast-featured-img":"disabled","footer-sml-layout":"","ast-disable-related-posts":"","theme-transparent-header-meta":"","adv-header-id-meta":"","stick-header-meta":"","header-above-stick-meta":"","header-main-stick-meta":"","header-below-stick-meta":"","astra-migrate-meta-layouts":"set","ast-page-background-enabled":"default","ast-page-background-meta":{"desktop":{"background-color":"","background-image":"","background-repeat":"repeat","background-position":"center center","background-size":"auto","background-attachment":"scroll","background-type":"","background-media":"","overlay-type":"","overlay-color":"","overlay-opacity":"","overlay-gradient":""},"tablet":{"background-color":"","background-image":"","background-repeat":"repeat","background-position":"center center","background-size":"auto","background-attachment":"scroll","background-type":"","background-media":"","overlay-type":"","overlay-color":"","overlay-opacity":"","overlay-gradient":""},"mobile":{"background-color":"","background-image":"","background-repeat":"repeat","background-position":"center center","background-size":"auto","background-attachment":"scroll","background-type":"","background-media":"","overlay-type":"","overlay-color":"","overlay-opacity":"","overlay-gradient":""}},"ast-content-background-meta":{"desktop":{"background-color":"var(--ast-global-color-5)","background-image":"","background-repeat":"repeat","background-position":"center center","background-size":"auto","background-attachment":"scroll","background-type":"","background-media":"","overlay-type":"","overlay-color":"","overlay-opacity":"","overlay-gradient":""},"tablet":{"background-color":"var(--ast-global-color-5)","background-image":"","background-repeat":"repeat","background-position":"center center","background-size":"auto","background-attachment":"scroll","background-type":"","background-media":"","overlay-type":"","overlay-color":"","overlay-opacity":"","overlay-gradient":""},"mobile":{"background-color":"var(--ast-global-color-5)","background-image":"","background-repeat":"repeat","background-position":"center center","background-size":"auto","background-attachment":"scroll","background-type":"","background-media":"","overlay-type":"","overlay-color":"","overlay-opacity":"","overlay-gradient":""}},"footnotes":""},"categories":[],"class_list":["post-5236","page","type-page","status-publish","hentry"],"yoast_head":"<!-- This site is optimized with the Yoast SEO plugin v27.4 - https:\/\/yoast.com\/product\/yoast-seo-wordpress\/ -->\n<title>Eventos - Enluc Paz Academia de modelaje en Mallorca<\/title>\n<meta name=\"robots\" content=\"index, follow, max-snippet:-1, max-image-preview:large, max-video-preview:-1\" \/>\n<link rel=\"canonical\" href=\"https:\/\/enlucpaz.com\/?page_id=5236\" \/>\n<meta property=\"og:locale\" content=\"en_US\" \/>\n<meta property=\"og:type\" content=\"article\" \/>\n<meta property=\"og:title\" content=\"Eventos - Enluc Paz Academia de modelaje en Mallorca\" \/>\n<meta property=\"og:description\" content=\"\u00a0EVENTOS CON VISI\u00d3N INTEGRAL Y CUIDADO T\u00c9CNICO\u00a0 Organizamos eventos y colaboramos con marcas, empresas y producciones, ofreciendo un servicio completo que une organizaci\u00f3n, imagen y\" \/>\n<meta property=\"og:url\" content=\"https:\/\/enlucpaz.com\/?page_id=5236\" \/>\n<meta property=\"og:site_name\" content=\"Enluc Paz Academia de modelaje en Mallorca\" \/>\n<meta property=\"article:publisher\" content=\"https:\/\/www.facebook.com\/enlucpaz\" \/>\n<meta property=\"article:modified_time\" content=\"2026-04-02T21:39:33+00:00\" \/>\n<meta name=\"twitter:card\" content=\"summary_large_image\" \/>\n<meta name=\"twitter:label1\" content=\"Est. reading time\" \/>\n\t<meta name=\"twitter:data1\" content=\"2 minutes\" \/>\n<script type=\"application\/ld+json\" class=\"yoast-schema-graph\">{\"@context\":\"https:\\\/\\\/schema.org\",\"@graph\":[{\"@type\":\"WebPage\",\"@id\":\"https:\\\/\\\/enlucpaz.com\\\/?page_id=5236\",\"url\":\"https:\\\/\\\/enlucpaz.com\\\/?page_id=5236\",\"name\":\"Eventos - Enluc Paz Academia de modelaje en Mallorca\",\"isPartOf\":{\"@id\":\"https:\\\/\\\/enlucpaz.com\\\/#website\"},\"datePublished\":\"2026-03-30T23:30:04+00:00\",\"dateModified\":\"2026-04-02T21:39:33+00:00\",\"breadcrumb\":{\"@id\":\"https:\\\/\\\/enlucpaz.com\\\/?page_id=5236#breadcrumb\"},\"inLanguage\":\"en-US\",\"potentialAction\":[{\"@type\":\"ReadAction\",\"target\":[\"https:\\\/\\\/enlucpaz.com\\\/?page_id=5236\"]}]},{\"@type\":\"BreadcrumbList\",\"@id\":\"https:\\\/\\\/enlucpaz.com\\\/?page_id=5236#breadcrumb\",\"itemListElement\":[{\"@type\":\"ListItem\",\"position\":1,\"name\":\"Portada\",\"item\":\"https:\\\/\\\/enlucpaz.com\\\/\"},{\"@type\":\"ListItem\",\"position\":2,\"name\":\"Eventos\"}]},{\"@type\":\"WebSite\",\"@id\":\"https:\\\/\\\/enlucpaz.com\\\/#website\",\"url\":\"https:\\\/\\\/enlucpaz.com\\\/\",\"name\":\"Enluc Paz Academia de modelaje en Mallorca\",\"description\":\"&quot;Descubre la marca personal E N L U C PAZ, l\u00edder en Mallorca en Maquillaje, Dise\u00f1o de Moda y Modelaje profesional. Desde 2014, nos destacamos por realzar la belleza con modernidad y respeto, apostando por la inclusi\u00f3n y el individualismo en el mundo de la moda.&quot;\",\"publisher\":{\"@id\":\"https:\\\/\\\/enlucpaz.com\\\/#organization\"},\"alternateName\":\"Agencia de modelos en Mallorca\",\"potentialAction\":[{\"@type\":\"SearchAction\",\"target\":{\"@type\":\"EntryPoint\",\"urlTemplate\":\"https:\\\/\\\/enlucpaz.com\\\/?s={search_term_string}\"},\"query-input\":{\"@type\":\"PropertyValueSpecification\",\"valueRequired\":true,\"valueName\":\"search_term_string\"}}],\"inLanguage\":\"en-US\"},{\"@type\":\"Organization\",\"@id\":\"https:\\\/\\\/enlucpaz.com\\\/#organization\",\"name\":\"ENLUC PAZ\",\"url\":\"https:\\\/\\\/enlucpaz.com\\\/\",\"logo\":{\"@type\":\"ImageObject\",\"inLanguage\":\"en-US\",\"@id\":\"https:\\\/\\\/enlucpaz.com\\\/#\\\/schema\\\/logo\\\/image\\\/\",\"url\":\"https:\\\/\\\/enlucpaz.com\\\/wp-content\\\/uploads\\\/2023\\\/08\\\/cropped-LOGO_ENLUC_OFFICIAL-transformed.png\",\"contentUrl\":\"https:\\\/\\\/enlucpaz.com\\\/wp-content\\\/uploads\\\/2023\\\/08\\\/cropped-LOGO_ENLUC_OFFICIAL-transformed.png\",\"width\":1147,\"height\":1076,\"caption\":\"ENLUC PAZ\"},\"image\":{\"@id\":\"https:\\\/\\\/enlucpaz.com\\\/#\\\/schema\\\/logo\\\/image\\\/\"},\"sameAs\":[\"https:\\\/\\\/www.facebook.com\\\/enlucpaz\",\"https:\\\/\\\/www.instagram.com\\\/enlucpaz\\\/\",\"https:\\\/\\\/www.youtube.com\\\/@enlucpaz\"]}]}<\/script>\n<!-- \/ Yoast SEO plugin. -->","yoast_head_json":{"title":"Eventos - Enluc Paz Academia de modelaje en Mallorca","robots":{"index":"index","follow":"follow","max-snippet":"max-snippet:-1","max-image-preview":"max-image-preview:large","max-video-preview":"max-video-preview:-1"},"canonical":"https:\/\/enlucpaz.com\/?page_id=5236","og_locale":"en_US","og_type":"article","og_title":"Eventos - Enluc Paz Academia de modelaje en Mallorca","og_description":"\u00a0EVENTOS CON VISI\u00d3N INTEGRAL Y CUIDADO T\u00c9CNICO\u00a0 Organizamos eventos y colaboramos con marcas, empresas y producciones, ofreciendo un servicio completo que une organizaci\u00f3n, imagen y","og_url":"https:\/\/enlucpaz.com\/?page_id=5236","og_site_name":"Enluc Paz Academia de modelaje en Mallorca","article_publisher":"https:\/\/www.facebook.com\/enlucpaz","article_modified_time":"2026-04-02T21:39:33+00:00","twitter_card":"summary_large_image","twitter_misc":{"Est. reading time":"2 minutes"},"schema":{"@context":"https:\/\/schema.org","@graph":[{"@type":"WebPage","@id":"https:\/\/enlucpaz.com\/?page_id=5236","url":"https:\/\/enlucpaz.com\/?page_id=5236","name":"Eventos - Enluc Paz Academia de modelaje en Mallorca","isPartOf":{"@id":"https:\/\/enlucpaz.com\/#website"},"datePublished":"2026-03-30T23:30:04+00:00","dateModified":"2026-04-02T21:39:33+00:00","breadcrumb":{"@id":"https:\/\/enlucpaz.com\/?page_id=5236#breadcrumb"},"inLanguage":"en-US","potentialAction":[{"@type":"ReadAction","target":["https:\/\/enlucpaz.com\/?page_id=5236"]}]},{"@type":"BreadcrumbList","@id":"https:\/\/enlucpaz.com\/?page_id=5236#breadcrumb","itemListElement":[{"@type":"ListItem","position":1,"name":"Portada","item":"https:\/\/enlucpaz.com\/"},{"@type":"ListItem","position":2,"name":"Eventos"}]},{"@type":"WebSite","@id":"https:\/\/enlucpaz.com\/#website","url":"https:\/\/enlucpaz.com\/","name":"Enluc Paz Academia de modelaje en Mallorca","description":"&quot;Descubre la marca personal E N L U C PAZ, l\u00edder en Mallorca en Maquillaje, Dise\u00f1o de Moda y Modelaje profesional. Desde 2014, nos destacamos por realzar la belleza con modernidad y respeto, apostando por la inclusi\u00f3n y el individualismo en el mundo de la moda.&quot;","publisher":{"@id":"https:\/\/enlucpaz.com\/#organization"},"alternateName":"Agencia de modelos en Mallorca","potentialAction":[{"@type":"SearchAction","target":{"@type":"EntryPoint","urlTemplate":"https:\/\/enlucpaz.com\/?s={search_term_string}"},"query-input":{"@type":"PropertyValueSpecification","valueRequired":true,"valueName":"search_term_string"}}],"inLanguage":"en-US"},{"@type":"Organization","@id":"https:\/\/enlucpaz.com\/#organization","name":"ENLUC PAZ","url":"https:\/\/enlucpaz.com\/","logo":{"@type":"ImageObject","inLanguage":"en-US","@id":"https:\/\/enlucpaz.com\/#\/schema\/logo\/image\/","url":"https:\/\/enlucpaz.com\/wp-content\/uploads\/2023\/08\/cropped-LOGO_ENLUC_OFFICIAL-transformed.png","contentUrl":"https:\/\/enlucpaz.com\/wp-content\/uploads\/2023\/08\/cropped-LOGO_ENLUC_OFFICIAL-transformed.png","width":1147,"height":1076,"caption":"ENLUC PAZ"},"image":{"@id":"https:\/\/enlucpaz.com\/#\/schema\/logo\/image\/"},"sameAs":["https:\/\/www.facebook.com\/enlucpaz","https:\/\/www.instagram.com\/enlucpaz\/","https:\/\/www.youtube.com\/@enlucpaz"]}]}},"uagb_featured_image_src":{"full":false,"thumbnail":false,"medium":false,"medium_large":false,"large":false,"1536x1536":false,"2048x2048":false},"uagb_author_info":{"display_name":"enlucpaz.com","author_link":"https:\/\/enlucpaz.com\/?author=1"},"uagb_comment_info":0,"uagb_excerpt":"\u00a0EVENTOS CON VISI\u00d3N INTEGRAL Y CUIDADO T\u00c9CNICO\u00a0 Organizamos eventos y colaboramos con marcas, empresas y producciones, ofreciendo un servicio completo que une organizaci\u00f3n, imagen y","_links":{"self":[{"href":"https:\/\/enlucpaz.com\/index.php?rest_route=\/wp\/v2\/pages\/5236","targetHints":{"allow":["GET"]}}],"collection":[{"href":"https:\/\/enlucpaz.com\/index.php?rest_route=\/wp\/v2\/pages"}],"about":[{"href":"https:\/\/enlucpaz.com\/index.php?rest_route=\/wp\/v2\/types\/page"}],"author":[{"embeddable":true,"href":"https:\/\/enlucpaz.com\/index.php?rest_route=\/wp\/v2\/users\/1"}],"replies":[{"embeddable":true,"href":"https:\/\/enlucpaz.com\/index.php?rest_route=%2Fwp%2Fv2%2Fcomments&post=5236"}],"version-history":[{"count":40,"href":"https:\/\/enlucpaz.com\/index.php?rest_route=\/wp\/v2\/pages\/5236\/revisions"}],"predecessor-version":[{"id":5361,"href":"https:\/\/enlucpaz.com\/index.php?rest_route=\/wp\/v2\/pages\/5236\/revisions\/5361"}],"wp:attachment":[{"href":"https:\/\/enlucpaz.com\/index.php?rest_route=%2Fwp%2Fv2%2Fmedia&parent=5236"}],"wp:term":[{"taxonomy":"category","embeddable":true,"href":"https:\/\/enlucpaz.com\/index.php?rest_route=%2Fwp%2Fv2%2Fcategories&post=5236"}],"curies":[{"name":"wp","href":"https:\/\/api.w.org\/{rel}","templated":true}]}}